{"id":789,"date":"2023-05-23T13:22:49","date_gmt":"2023-05-23T13:22:49","guid":{"rendered":"http:\/\/desarrollo-vm.ciai.inm.es\/testbed\/?page_id=789"},"modified":"2023-07-18T07:03:12","modified_gmt":"2023-07-18T07:03:12","slug":"project_18","status":"publish","type":"page","link":"https:\/\/testbed.aemet.es\/index.php\/project_18\/","title":{"rendered":"Column Integrated Water Vapour and Aerosol Load Characterization with the New ZEN-R52 Radiometer"},"content":{"rendered":"<p style=\"text-align: justify;\">Following the ZEN system design published by Almansa et al. (2017), conceived for dust aerosol optical depth monitoring, the capacity of the new ZEN-R52 radiometer to measure both column-integrated precipitable water vapor and AOD is presented in Almansa et al. (2020). This study presented PWV retrieved by the ZEN-R52 radiometer in IZO over a 10-month period (August 2017 to June 2018).<\/p>\n<p style=\"text-align: justify;\">\nThe ZEN-R52 has recent improvements in comparison with the old ZEN-R4: such as a smaller field of view; an increased signal-to-noise ratio; better stray light rejection and an additional channel at 940 nm for PWV retrieval. PWV and AOD are retrieved by using Zenith Sky Radiance (ZSR) measurements along with a lookup table (LUT) methodology. A comprehensive validation of ZEN PWV and AOD was performed using AERONET and FTIR spectrometer measurements as reference (Figure 1). The ZEN-R52 AOD uncertainty was calculated as 0.01 \u00b1 0.13 AOD.<\/p>\n<p><img loading=\"lazy\" decoding=\"async\" class=\"aligncenter  wp-image-795\" src=\"http:\/\/desarrollo-vm.ciai.inm.es\/testbed\/wp-content\/uploads\/2023\/05\/Figure18.png\" alt=\"\" width=\"649\" height=\"519\" srcset=\"https:\/\/testbed.aemet.es\/wp-content\/uploads\/2023\/05\/Figure18.png 550w, https:\/\/testbed.aemet.es\/wp-content\/uploads\/2023\/05\/Figure18-300x240.png 300w\" sizes=\"auto, (max-width: 649px) 100vw, 649px\" \/><\/p>\n<p style=\"text-align: justify;\"><strong>Figure 1.-<\/strong> PWV scatterplots between ZEN-R52, CE318-AERONET, CE318-IARC and FTIR at Iza\u00f1a over a 10-month period (August 2017 to June 2018 a\u2013f). The red line shows the linear fit equation, the broken grey line shows the diagonal and the colour bar indicates the density of data. Reprinted from Almansa et al. (2020).<\/p>\n<p style=\"text-align: justify;\">Regarding the PWV analysis, a good agreement was found between the ZEN, AERONET and FTIR. The ZEN-R52 PWV uncertainty was calculated as \u00b10.089 cm or \u00b10.036 + 0.061 PWV for PWV &lt; 1 cm.<\/p>\n<p style=\"text-align: justify;\">The results published in this study confirm the suitability of the ZEN system to monitor aerosols and water vapour in remote regions. This new system can play can play an important role in increasing representativeness of ground based observing network which can be critical for constraining global and relatively coarse-resolution models and also for improving satellite validation and aerosol model evaluation and assimilation in remote regions.<\/p>\n<p><strong>Publications:<\/strong><\/p>\n<ul>\n<li style=\"text-align: justify;\"><span style=\"font-size: 11pt;\">Almansa, A. F., Cuevas, E., Torres, B., Barreto, \u00c1., Garc\u00eda, R. D., Cachorro, V. E., de Frutos, \u00c1. M., L\u00f3pez, C., and Ramos, R.:&nbsp;<a href=\"https:\/\/amt.copernicus.org\/articles\/10\/565\/2017\/\">A new zenith-looking narrow-band radiometer-based system (ZEN) for dust aerosol optical depth monitoring<\/a>, Atmos. Meas. Tech., 10, 565-579, doi:10.5194\/amt-10-565-2017, 2017.<\/span><\/li>\n<\/ul>\n<ul>\n<li style=\"text-align: justify;\"><span style=\"font-size: 11pt;\">Almansa, A.F.; Cuevas, E.; Barreto, \u00c1.; Torres, B.; Garc\u00eda, O.E.; Delia Garc\u00eda, R.; Velasco-Merino, C.; Cachorro, V.E.; Berj\u00f3n, A.; Mallorqu\u00edn, M.; L\u00f3pez, C.; Ramos, R.; Guirado-Fuentes, C.; Negrillo, R.; de Frutos, \u00c1.M:&nbsp;<a href=\"https:\/\/www.mdpi.com\/2072-4292\/12\/9\/1424\" target=\"_blank\" rel=\"noopener noreferrer\">Column Integrated Water Vapor and Aerosol Load Characterization with the New ZEN-R52 Radiometer<\/a>, Remote Sens. 2020, 12, 1424, 2020<\/span><\/li>\n<\/ul>\n","protected":false},"excerpt":{"rendered":"<p>Following the ZEN system design published by Almansa et al. (2017), conceived for dust aerosol optical depth monitoring, the capacity<\/p>\n","protected":false},"author":1,"featured_media":0,"parent":0,"menu_order":0,"comment_status":"closed","ping_status":"closed","template":"","meta":{"colormag_page_container_layout":"default_layout","colormag_page_sidebar_layout":"default_layout","footnotes":""},"class_list":["post-789","page","type-page","status-publish","hentry"],"_links":{"self":[{"href":"https:\/\/testbed.aemet.es\/index.php\/wp-json\/wp\/v2\/pages\/789","targetHints":{"allow":["GET"]}}],"collection":[{"href":"https:\/\/testbed.aemet.es\/index.php\/wp-json\/wp\/v2\/pages"}],"about":[{"href":"https:\/\/testbed.aemet.es\/index.php\/wp-json\/wp\/v2\/types\/page"}],"author":[{"embeddable":true,"href":"https:\/\/testbed.aemet.es\/index.php\/wp-json\/wp\/v2\/users\/1"}],"replies":[{"embeddable":true,"href":"https:\/\/testbed.aemet.es\/index.php\/wp-json\/wp\/v2\/comments?post=789"}],"version-history":[{"count":7,"href":"https:\/\/testbed.aemet.es\/index.php\/wp-json\/wp\/v2\/pages\/789\/revisions"}],"predecessor-version":[{"id":1700,"href":"https:\/\/testbed.aemet.es\/index.php\/wp-json\/wp\/v2\/pages\/789\/revisions\/1700"}],"wp:attachment":[{"href":"https:\/\/testbed.aemet.es\/index.php\/wp-json\/wp\/v2\/media?parent=789"}],"curies":[{"name":"wp","href":"https:\/\/api.w.org\/{rel}","templated":true}]}}