{"id":2419,"date":"2026-03-23T09:59:56","date_gmt":"2026-03-23T09:59:56","guid":{"rendered":"https:\/\/testbed.aemet.es\/?page_id=2419"},"modified":"2026-03-23T11:33:51","modified_gmt":"2026-03-23T11:33:51","slug":"impact-of-spectral-aerosol-radiative-forcing-at-the-izana-observatory-during-the-august-2023-extreme-wildfires","status":"publish","type":"page","link":"https:\/\/testbed.aemet.es\/index.php\/impact-of-spectral-aerosol-radiative-forcing-at-the-izana-observatory-during-the-august-2023-extreme-wildfires\/","title":{"rendered":"Impact of Spectral Aerosol Radiative Forcing at the Iza\u00f1a Observatory during the August 2023 Extreme Wildfires"},"content":{"rendered":"<p><strong><em><u>Principal Investigator<\/u><\/em><\/strong>:\u00a0 Rosa Garc\u00eda Cabrera<\/p>\n<p><strong><em><u>Institution name<\/u><\/em><\/strong>: TRAGSATEC-AEMET<\/p>\n<p><strong><em><u>Scientific objective<\/u><\/em><\/strong><\/p>\n<p style=\"text-align: justify;\">Extreme wildfires represent a highly variable source of atmospheric aerosols with potentially strong impacts on surface solar radiation. In August 2023, an exceptional wildfire on Tenerife (Canary Islands, Spain) reached the neighbourhoods of the Iza\u00f1a Observatory (IZO, 2400 m a.s.l.). This near-source configuration enabled a rare observational characterisation of the spectral radiative effects of biomass-burning aerosols (Figure). During the most intense phases of the event (17\u201318 August), aerosol optical depth (AOD) at 500 nm reached extreme values of 3.63 and 2.25, respectively, with \u00c5ngstr\u00f6m Exponent (AE) above, indicating a strong dominance of fine-mode smoke particles. Spectral measurements of global-horizontal, direct-normal and diffuse-horizontal solar irradiance (300\u20131100 nm) show a pronounced attenuation of direct and global irradiances, particularly in the visible range, together with a strong enhancement of diffuse radiation. Relative to clean-sky conditions, daily global irradiance decreased by 21\u201327 %, while direct-normal irradiance was reduced by 72\u201399 % (Figure 2).<\/p>\n<p><img loading=\"lazy\" decoding=\"async\" class=\"aligncenter  wp-image-2434\" src=\"https:\/\/testbed.aemet.es\/wp-content\/uploads\/2026\/03\/foto_incendio-1.png\" alt=\"\" width=\"766\" height=\"230\" srcset=\"https:\/\/testbed.aemet.es\/wp-content\/uploads\/2026\/03\/foto_incendio-1.png 973w, https:\/\/testbed.aemet.es\/wp-content\/uploads\/2026\/03\/foto_incendio-1-300x90.png 300w, https:\/\/testbed.aemet.es\/wp-content\/uploads\/2026\/03\/foto_incendio-1-768x230.png 768w\" sizes=\"auto, (max-width: 766px) 100vw, 766px\" \/><\/p>\n<p><strong>Figure 1.-<\/strong> Images of Teide National Park captured on 17 and 18 August 2023 from Iza\u00f1a Observatory (Teide Cloud Laboratory Project, project from Iza\u00f1a Observatory by Daniel L\u00f3pez).<\/p>\n<p style=\"text-align: justify;\">Spectral aerosol radiative forcing and radiative forcing efficiency at the surface were quantified using radiative transfer simulations under pristine atmospheric conditions as a reference. The integrated spectral radiative forcing (300-1100 nm) for global irradiance reached -395 and -299 W m<sup>\u22122<\/sup> on 17 and 18 August, respectively, indicating strong surface cooling dominated by scattering processes. Maximum forcing and efficiency occurred in the visible spectral range, consistent with the optical properties of freshly emitted smoke aerosols. At the same time, increases in the amount of present particles, equivalent black carbon (eBC) and greenhouse gases (CO<sub>2<\/sub>, CH<sub>4<\/sub> and CO) confirm the direct influence of the wildfire plume on atmospheric composition at IZO. These observations provide one of the few detailed spectral assessments of surface radiative forcing by extreme biomass-burning aerosols at a high-altitude site and highlight the need to accurately represent fine-mode smoke aerosols in radiative transfer and climate models.<\/p>\n<p><img loading=\"lazy\" decoding=\"async\" class=\"aligncenter  wp-image-2432\" src=\"https:\/\/testbed.aemet.es\/wp-content\/uploads\/2026\/03\/foto_espectral-1.png\" alt=\"\" width=\"395\" height=\"348\" srcset=\"https:\/\/testbed.aemet.es\/wp-content\/uploads\/2026\/03\/foto_espectral-1.png 617w, https:\/\/testbed.aemet.es\/wp-content\/uploads\/2026\/03\/foto_espectral-1-300x265.png 300w\" sizes=\"auto, (max-width: 395px) 100vw, 395px\" \/><\/p>\n<p style=\"text-align: justify;\"><strong>Figure 2<\/strong>.- Spectral irradiance (W m<sup>\u22122<\/sup>nm<sup>\u22121<\/sup>) obtained from EKO RSB measurements \u00a0at IZO on 17 and 18 August 2023 at 11:56 UTC (SZA = 22.7\u25e6) and 15:46 UTC (SZA = 39.1\u25e6), respectively. The blue, red, and green lines represent global (GHI<sub>\u03bb<\/sub>) direct-normal (DNI<sub>\u03bb<\/sub>), and diffuse (DHI<sub>\u03bb<\/sub>) irradiance components, respectively. The sky-camera images show the corresponding sky conditions at each time.<\/p>\n<p style=\"text-align: justify;\"><strong>Publications<br \/>\n<\/strong><\/p>\n<ul>\n<li style=\"text-align: justify;\"><span style=\"font-size: 11pt;\">Garc\u00eda, R. D., Barreto, \u00c1., Cachorro, V. E., Gonz\u00e1lez-Sicilia, P., Le\u00f3n-Luis, S., Alv\u00e1rez-Hern\u00e1ndez, A., Bustos, J. J., Ramos, R., Almansa, F., \u00c1lvarez-Losada, \u00d3., Gonz\u00e1lez, Y., Rivas, P. P., and Torres, C. J.: <a href=\"https:\/\/egusphere.copernicus.org\/preprints\/2026\/egusphere-2026-306\/\">Impact of Spectral Aerosol Radiative Forcing at the Iza\u00f1a Observatory during the August 2023 Extreme Wildfires<\/a>, EGUsphere [preprint], https:\/\/doi.org\/10.5194\/egusphere-2026-306, 2026.<\/span><\/li>\n<\/ul>\n","protected":false},"excerpt":{"rendered":"<p>Principal Investigator:\u00a0 Rosa Garc\u00eda Cabrera Institution name: TRAGSATEC-AEMET Scientific objective Extreme wildfires represent a highly variable source of atmospheric aerosols<\/p>\n","protected":false},"author":1,"featured_media":0,"parent":0,"menu_order":0,"comment_status":"closed","ping_status":"closed","template":"","meta":{"colormag_page_container_layout":"default_layout","colormag_page_sidebar_layout":"default_layout","footnotes":""},"class_list":["post-2419","page","type-page","status-publish","hentry"],"_links":{"self":[{"href":"https:\/\/testbed.aemet.es\/index.php\/wp-json\/wp\/v2\/pages\/2419","targetHints":{"allow":["GET"]}}],"collection":[{"href":"https:\/\/testbed.aemet.es\/index.php\/wp-json\/wp\/v2\/pages"}],"about":[{"href":"https:\/\/testbed.aemet.es\/index.php\/wp-json\/wp\/v2\/types\/page"}],"author":[{"embeddable":true,"href":"https:\/\/testbed.aemet.es\/index.php\/wp-json\/wp\/v2\/users\/1"}],"replies":[{"embeddable":true,"href":"https:\/\/testbed.aemet.es\/index.php\/wp-json\/wp\/v2\/comments?post=2419"}],"version-history":[{"count":8,"href":"https:\/\/testbed.aemet.es\/index.php\/wp-json\/wp\/v2\/pages\/2419\/revisions"}],"predecessor-version":[{"id":2436,"href":"https:\/\/testbed.aemet.es\/index.php\/wp-json\/wp\/v2\/pages\/2419\/revisions\/2436"}],"wp:attachment":[{"href":"https:\/\/testbed.aemet.es\/index.php\/wp-json\/wp\/v2\/media?parent=2419"}],"curies":[{"name":"wp","href":"https:\/\/api.w.org\/{rel}","templated":true}]}}